{"id":430,"date":"2025-08-26T04:15:46","date_gmt":"2025-08-26T04:15:46","guid":{"rendered":"https:\/\/turtlerescuecahuita.org\/?page_id=430"},"modified":"2026-03-24T14:19:28","modified_gmt":"2026-03-24T14:19:28","slug":"quienes-somos","status":"publish","type":"page","link":"https:\/\/turtlerescuecahuita.org\/en\/quienes-somos\/","title":{"rendered":"ABOUT US"},"content":{"rendered":"<div data-elementor-type=\"wp-page\" data-elementor-id=\"430\" class=\"elementor elementor-430\" data-elementor-post-type=\"page\">\n\t\t\t\t<div class=\"elementor-element elementor-element-1b32b76 e-flex e-con-boxed wpr-particle-no wpr-jarallax-no wpr-parallax-no wpr-sticky-section-no wpr-equal-height-no e-con e-parent\" data-id=\"1b32b76\" data-element_type=\"container\" data-e-type=\"container\" data-settings=\"{&quot;background_background&quot;:&quot;classic&quot;}\">\n\t\t\t\t\t<div class=\"e-con-inner\">\n\t\t\t\t<div class=\"elementor-element elementor-element-0463519 elementor-widget elementor-widget-spacer\" data-id=\"0463519\" data-element_type=\"widget\" data-e-type=\"widget\" data-widget_type=\"spacer.default\">\n\t\t\t\t<div class=\"elementor-widget-container\">\n\t\t\t\t\t\t\t<div class=\"elementor-spacer\">\n\t\t\t<div class=\"elementor-spacer-inner\"><\/div>\n\t\t<\/div>\n\t\t\t\t\t\t<\/div>\n\t\t\t\t<\/div>\n\t\t\t\t\t<\/div>\n\t\t\t\t<\/div>\n\t\t<div class=\"elementor-element elementor-element-ae6ed2e e-flex e-con-boxed wpr-particle-no wpr-jarallax-no wpr-parallax-no wpr-sticky-section-no wpr-equal-height-no e-con e-parent\" data-id=\"ae6ed2e\" data-element_type=\"container\" data-e-type=\"container\" data-settings=\"{&quot;background_background&quot;:&quot;classic&quot;}\">\n\t\t\t\t\t<div class=\"e-con-inner\">\n\t\t\t\t<div class=\"elementor-element elementor-element-113ba39 elementor-widget elementor-widget-heading\" data-id=\"113ba39\" data-element_type=\"widget\" data-e-type=\"widget\" data-widget_type=\"heading.default\">\n\t\t\t\t<div class=\"elementor-widget-container\">\n\t\t\t\t\t<h2 class=\"elementor-heading-title elementor-size-default\">About us<\/h2>\t\t\t\t<\/div>\n\t\t\t\t<\/div>\n\t\t\t\t\t<\/div>\n\t\t\t\t<\/div>\n\t\t<div class=\"elementor-element elementor-element-0b54f1f e-grid e-con-boxed wpr-particle-no wpr-jarallax-no wpr-parallax-no wpr-sticky-section-no wpr-equal-height-no e-con e-parent\" data-id=\"0b54f1f\" data-element_type=\"container\" data-e-type=\"container\">\n\t\t\t\t\t<div class=\"e-con-inner\">\n\t\t\t\t<div class=\"elementor-element elementor-element-a933f5b elementor-widget elementor-widget-image\" data-id=\"a933f5b\" data-element_type=\"widget\" data-e-type=\"widget\" data-widget_type=\"image.default\">\n\t\t\t\t<div class=\"elementor-widget-container\">\n\t\t\t\t\t\t\t\t\t\t\t\t\t\t\t<img fetchpriority=\"high\" decoding=\"async\" width=\"436\" height=\"435\" src=\"https:\/\/turtlerescuecahuita.org\/wp-content\/uploads\/2025\/08\/Williams-Informe-final-2024-Programa-de-Conservacion-de-Tortugas-Marinas-7.png\" class=\"attachment-large size-large wp-image-471\" alt=\"\" srcset=\"https:\/\/turtlerescuecahuita.org\/wp-content\/uploads\/2025\/08\/Williams-Informe-final-2024-Programa-de-Conservacion-de-Tortugas-Marinas-7.png 436w, https:\/\/turtlerescuecahuita.org\/wp-content\/uploads\/2025\/08\/Williams-Informe-final-2024-Programa-de-Conservacion-de-Tortugas-Marinas-7-300x300.png 300w, https:\/\/turtlerescuecahuita.org\/wp-content\/uploads\/2025\/08\/Williams-Informe-final-2024-Programa-de-Conservacion-de-Tortugas-Marinas-7-150x150.png 150w\" sizes=\"(max-width: 436px) 100vw, 436px\" \/>\t\t\t\t\t\t\t\t\t\t\t\t\t\t\t<\/div>\n\t\t\t\t<\/div>\n\t\t\t\t<div class=\"elementor-element elementor-element-1c0d454 elementor-widget elementor-widget-image\" data-id=\"1c0d454\" data-element_type=\"widget\" data-e-type=\"widget\" data-widget_type=\"image.default\">\n\t\t\t\t<div class=\"elementor-widget-container\">\n\t\t\t\t\t\t\t\t\t\t\t\t\t\t\t<img decoding=\"async\" width=\"436\" height=\"434\" src=\"https:\/\/turtlerescuecahuita.org\/wp-content\/uploads\/2025\/08\/Williams-Informe-final-2024-Programa-de-Conservacion-de-Tortugas-Marinas-1-3.png\" class=\"attachment-large size-large wp-image-465\" alt=\"\" srcset=\"https:\/\/turtlerescuecahuita.org\/wp-content\/uploads\/2025\/08\/Williams-Informe-final-2024-Programa-de-Conservacion-de-Tortugas-Marinas-1-3.png 436w, https:\/\/turtlerescuecahuita.org\/wp-content\/uploads\/2025\/08\/Williams-Informe-final-2024-Programa-de-Conservacion-de-Tortugas-Marinas-1-3-300x300.png 300w, https:\/\/turtlerescuecahuita.org\/wp-content\/uploads\/2025\/08\/Williams-Informe-final-2024-Programa-de-Conservacion-de-Tortugas-Marinas-1-3-150x150.png 150w\" sizes=\"(max-width: 436px) 100vw, 436px\" \/>\t\t\t\t\t\t\t\t\t\t\t\t\t\t\t<\/div>\n\t\t\t\t<\/div>\n\t\t\t\t<div class=\"elementor-element elementor-element-249ecda elementor-widget elementor-widget-image\" data-id=\"249ecda\" data-element_type=\"widget\" data-e-type=\"widget\" data-widget_type=\"image.default\">\n\t\t\t\t<div class=\"elementor-widget-container\">\n\t\t\t\t\t\t\t\t\t\t\t\t\t\t\t<img decoding=\"async\" width=\"437\" height=\"434\" src=\"https:\/\/turtlerescuecahuita.org\/wp-content\/uploads\/2025\/08\/Williams-Informe-final-2024-Programa-de-Conservacion-de-Tortugas-Marinas-2-2.png\" class=\"attachment-large size-large wp-image-466\" alt=\"\" srcset=\"https:\/\/turtlerescuecahuita.org\/wp-content\/uploads\/2025\/08\/Williams-Informe-final-2024-Programa-de-Conservacion-de-Tortugas-Marinas-2-2.png 437w, https:\/\/turtlerescuecahuita.org\/wp-content\/uploads\/2025\/08\/Williams-Informe-final-2024-Programa-de-Conservacion-de-Tortugas-Marinas-2-2-300x298.png 300w, https:\/\/turtlerescuecahuita.org\/wp-content\/uploads\/2025\/08\/Williams-Informe-final-2024-Programa-de-Conservacion-de-Tortugas-Marinas-2-2-150x150.png 150w\" sizes=\"(max-width: 437px) 100vw, 437px\" \/>\t\t\t\t\t\t\t\t\t\t\t\t\t\t\t<\/div>\n\t\t\t\t<\/div>\n\t\t\t\t<div class=\"elementor-element elementor-element-1ef6332 elementor-widget elementor-widget-image\" data-id=\"1ef6332\" data-element_type=\"widget\" data-e-type=\"widget\" data-widget_type=\"image.default\">\n\t\t\t\t<div class=\"elementor-widget-container\">\n\t\t\t\t\t\t\t\t\t\t\t\t\t\t\t<img loading=\"lazy\" decoding=\"async\" width=\"434\" height=\"435\" src=\"https:\/\/turtlerescuecahuita.org\/wp-content\/uploads\/2025\/08\/Williams-Informe-final-2024-Programa-de-Conservacion-de-Tortugas-Marinas-3-2.png\" class=\"attachment-large size-large wp-image-467\" alt=\"\" srcset=\"https:\/\/turtlerescuecahuita.org\/wp-content\/uploads\/2025\/08\/Williams-Informe-final-2024-Programa-de-Conservacion-de-Tortugas-Marinas-3-2.png 434w, https:\/\/turtlerescuecahuita.org\/wp-content\/uploads\/2025\/08\/Williams-Informe-final-2024-Programa-de-Conservacion-de-Tortugas-Marinas-3-2-300x300.png 300w, https:\/\/turtlerescuecahuita.org\/wp-content\/uploads\/2025\/08\/Williams-Informe-final-2024-Programa-de-Conservacion-de-Tortugas-Marinas-3-2-150x150.png 150w\" sizes=\"(max-width: 434px) 100vw, 434px\" \/>\t\t\t\t\t\t\t\t\t\t\t\t\t\t\t<\/div>\n\t\t\t\t<\/div>\n\t\t\t\t<div class=\"elementor-element elementor-element-2e8707d elementor-widget elementor-widget-image\" data-id=\"2e8707d\" data-element_type=\"widget\" data-e-type=\"widget\" data-widget_type=\"image.default\">\n\t\t\t\t<div class=\"elementor-widget-container\">\n\t\t\t\t\t\t\t\t\t\t\t\t\t\t\t<img loading=\"lazy\" decoding=\"async\" width=\"438\" height=\"433\" src=\"https:\/\/turtlerescuecahuita.org\/wp-content\/uploads\/2025\/08\/Williams-Informe-final-2024-Programa-de-Conservacion-de-Tortugas-Marinas-4-2.png\" class=\"attachment-large size-large wp-image-468\" alt=\"\" srcset=\"https:\/\/turtlerescuecahuita.org\/wp-content\/uploads\/2025\/08\/Williams-Informe-final-2024-Programa-de-Conservacion-de-Tortugas-Marinas-4-2.png 438w, https:\/\/turtlerescuecahuita.org\/wp-content\/uploads\/2025\/08\/Williams-Informe-final-2024-Programa-de-Conservacion-de-Tortugas-Marinas-4-2-300x297.png 300w\" sizes=\"(max-width: 438px) 100vw, 438px\" \/>\t\t\t\t\t\t\t\t\t\t\t\t\t\t\t<\/div>\n\t\t\t\t<\/div>\n\t\t\t\t<div class=\"elementor-element elementor-element-c5080d0 elementor-widget elementor-widget-image\" data-id=\"c5080d0\" data-element_type=\"widget\" data-e-type=\"widget\" data-widget_type=\"image.default\">\n\t\t\t\t<div class=\"elementor-widget-container\">\n\t\t\t\t\t\t\t\t\t\t\t\t\t\t\t<img loading=\"lazy\" decoding=\"async\" width=\"440\" height=\"432\" src=\"https:\/\/turtlerescuecahuita.org\/wp-content\/uploads\/2025\/08\/Williams-Informe-final-2024-Programa-de-Conservacion-de-Tortugas-Marinas-5-1.png\" class=\"attachment-large size-large wp-image-469\" alt=\"\" srcset=\"https:\/\/turtlerescuecahuita.org\/wp-content\/uploads\/2025\/08\/Williams-Informe-final-2024-Programa-de-Conservacion-de-Tortugas-Marinas-5-1.png 440w, https:\/\/turtlerescuecahuita.org\/wp-content\/uploads\/2025\/08\/Williams-Informe-final-2024-Programa-de-Conservacion-de-Tortugas-Marinas-5-1-300x295.png 300w\" sizes=\"(max-width: 440px) 100vw, 440px\" \/>\t\t\t\t\t\t\t\t\t\t\t\t\t\t\t<\/div>\n\t\t\t\t<\/div>\n\t\t\t\t<div class=\"elementor-element elementor-element-9fa536c elementor-widget elementor-widget-image\" data-id=\"9fa536c\" data-element_type=\"widget\" data-e-type=\"widget\" data-widget_type=\"image.default\">\n\t\t\t\t<div class=\"elementor-widget-container\">\n\t\t\t\t\t\t\t\t\t\t\t\t\t\t\t<img loading=\"lazy\" decoding=\"async\" width=\"435\" height=\"433\" src=\"https:\/\/turtlerescuecahuita.org\/wp-content\/uploads\/2025\/08\/Williams-Informe-final-2024-Programa-de-Conservacion-de-Tortugas-Marinas-6-1.png\" class=\"attachment-large size-large wp-image-470\" alt=\"\" srcset=\"https:\/\/turtlerescuecahuita.org\/wp-content\/uploads\/2025\/08\/Williams-Informe-final-2024-Programa-de-Conservacion-de-Tortugas-Marinas-6-1.png 435w, https:\/\/turtlerescuecahuita.org\/wp-content\/uploads\/2025\/08\/Williams-Informe-final-2024-Programa-de-Conservacion-de-Tortugas-Marinas-6-1-300x300.png 300w, https:\/\/turtlerescuecahuita.org\/wp-content\/uploads\/2025\/08\/Williams-Informe-final-2024-Programa-de-Conservacion-de-Tortugas-Marinas-6-1-150x150.png 150w\" sizes=\"(max-width: 435px) 100vw, 435px\" \/>\t\t\t\t\t\t\t\t\t\t\t\t\t\t\t<\/div>\n\t\t\t\t<\/div>\n\t\t\t\t\t<\/div>\n\t\t\t\t<\/div>\n\t\t<div class=\"elementor-element elementor-element-047468d e-flex e-con-boxed wpr-particle-no wpr-jarallax-no wpr-parallax-no wpr-sticky-section-no wpr-equal-height-no e-con e-parent\" data-id=\"047468d\" data-element_type=\"container\" data-e-type=\"container\">\n\t\t\t\t\t<div class=\"e-con-inner\">\n\t\t<div class=\"elementor-element elementor-element-6a8354c e-con-full e-flex wpr-particle-no wpr-jarallax-no wpr-parallax-no wpr-sticky-section-no wpr-equal-height-no e-con e-child\" data-id=\"6a8354c\" data-element_type=\"container\" data-e-type=\"container\">\n\t\t\t\t<div class=\"elementor-element elementor-element-ea1d490 elementor-widget elementor-widget-heading\" data-id=\"ea1d490\" data-element_type=\"widget\" data-e-type=\"widget\" data-widget_type=\"heading.default\">\n\t\t\t\t<div class=\"elementor-widget-container\">\n\t\t\t\t\t<h2 class=\"elementor-heading-title elementor-size-default\">Our Mission<\/h2>\t\t\t\t<\/div>\n\t\t\t\t<\/div>\n\t\t\t\t<div class=\"elementor-element elementor-element-38a1a17 elementor-widget elementor-widget-text-editor\" data-id=\"38a1a17\" data-element_type=\"widget\" data-e-type=\"widget\" data-widget_type=\"text-editor.default\">\n\t\t\t\t<div class=\"elementor-widget-container\">\n\t\t\t\t\t\t\t\t\t<ul><li><span style=\"font-weight: 400;\"> To be a community that protects native wildlife, ensuring the survival of sea turtles and the conservation of natural resources, recognizing ourselves as part of the ecosystem and guardians of its balance.\n\nTo promote the protection and monitoring of sea turtles and other forms of wildlife through education and active community participation.<\/span><\/li><li><span style=\"font-weight: 400;\"> Promover la protecci\u00f3n y vigilancia de las tortugas marinas y otras formas de vida silvestre en la zona a trav\u00e9s de la educaci\u00f3n y la participaci\u00f3n activa de la comunidad<\/span><\/li><\/ul>\t\t\t\t\t\t\t\t<\/div>\n\t\t\t\t<\/div>\n\t\t\t\t<div class=\"elementor-element elementor-element-308d81c elementor-widget elementor-widget-heading\" data-id=\"308d81c\" data-element_type=\"widget\" data-e-type=\"widget\" data-widget_type=\"heading.default\">\n\t\t\t\t<div class=\"elementor-widget-container\">\n\t\t\t\t\t<h2 class=\"elementor-heading-title elementor-size-default\">Objectives<\/h2>\t\t\t\t<\/div>\n\t\t\t\t<\/div>\n\t\t\t\t<div class=\"elementor-element elementor-element-95f9c33 elementor-widget elementor-widget-text-editor\" data-id=\"95f9c33\" data-element_type=\"widget\" data-e-type=\"widget\" data-widget_type=\"text-editor.default\">\n\t\t\t\t<div class=\"elementor-widget-container\">\n\t\t\t\t\t\t\t\t\t<ul><li>Work on community-based conservation, reforestation, beach cleanups, and recycling, with a strong focus on environmental education.<\/li><li>Use proven conservation techniques already implemented in other regions of Costa Rica: Conservation \u2022 Research \u2022 Ecotourism.<\/li><li>Protect and release sea turtles back to the ocean.<\/li><li>Request governmental support for turtle protection in Playa Grande, Cahuita, and access funding programs.<\/li><li>Maintain financial support through self-generated income, donations, and sponsorships.<\/li><li>Build environmental awareness in local communities \u2014 education is essential to this mission.<\/li><\/ul>\t\t\t\t\t\t\t\t<\/div>\n\t\t\t\t<\/div>\n\t\t\t\t<\/div>\n\t\t\t\t\t<\/div>\n\t\t\t\t<\/div>\n\t\t<div class=\"elementor-element elementor-element-9220319 e-grid e-con-boxed wpr-particle-no wpr-jarallax-no wpr-parallax-no wpr-sticky-section-no wpr-equal-height-no e-con e-parent\" data-id=\"9220319\" data-element_type=\"container\" data-e-type=\"container\" data-settings=\"{&quot;background_background&quot;:&quot;classic&quot;}\">\n\t\t\t\t\t<div class=\"e-con-inner\">\n\t\t\t\t<div class=\"elementor-element elementor-element-d3831de elementor-widget elementor-widget-heading\" data-id=\"d3831de\" data-element_type=\"widget\" data-e-type=\"widget\" data-widget_type=\"heading.default\">\n\t\t\t\t<div class=\"elementor-widget-container\">\n\t\t\t\t\t<h2 class=\"elementor-heading-title elementor-size-default\">2024 Season<\/h2>\t\t\t\t<\/div>\n\t\t\t\t<\/div>\n\t\t\t\t<div class=\"elementor-element elementor-element-bf406e4 elementor-widget elementor-widget-button\" data-id=\"bf406e4\" data-element_type=\"widget\" data-e-type=\"widget\" data-widget_type=\"button.default\">\n\t\t\t\t<div class=\"elementor-widget-container\">\n\t\t\t\t\t\t\t\t\t<div class=\"elementor-button-wrapper\">\n\t\t\t\t\t<a class=\"elementor-button elementor-button-link elementor-size-sm\" href=\"https:\/\/turtlerescuecahuita.org\/wp-content\/uploads\/2025\/08\/Informe-Turtle-Rescue-Cahuita.pdf\" target=\"_blank\">\n\t\t\t\t\t\t<span class=\"elementor-button-content-wrapper\">\n\t\t\t\t\t\t<span class=\"elementor-button-icon\">\n\t\t\t\t<svg aria-hidden=\"true\" class=\"e-font-icon-svg e-far-file-pdf\" viewbox=\"0 0 384 512\" xmlns=\"http:\/\/www.w3.org\/2000\/svg\"><path d=\"M369.9 97.9L286 14C277 5 264.8-.1 252.1-.1H48C21.5 0 0 21.5 0 48v416c0 26.5 21.5 48 48 48h288c26.5 0 48-21.5 48-48V131.9c0-12.7-5.1-25-14.1-34zM332.1 128H256V51.9l76.1 76.1zM48 464V48h160v104c0 13.3 10.7 24 24 24h104v288H48zm250.2-143.7c-12.2-12-47-8.7-64.4-6.5-17.2-10.5-28.7-25-36.8-46.3 3.9-16.1 10.1-40.6 5.4-56-4.2-26.2-37.8-23.6-42.6-5.9-4.4 16.1-.4 38.5 7 67.1-10 23.9-24.9 56-35.4 74.4-20 10.3-47 26.2-51 46.2-3.3 15.8 26 55.2 76.1-31.2 22.4-7.4 46.8-16.5 68.4-20.1 18.9 10.2 41 17 55.8 17 25.5 0 28-28.2 17.5-38.7zm-198.1 77.8c5.1-13.7 24.5-29.5 30.4-35-19 30.3-30.4 35.7-30.4 35zm81.6-190.6c7.4 0 6.7 32.1 1.8 40.8-4.4-13.9-4.3-40.8-1.8-40.8zm-24.4 136.6c9.7-16.9 18-37 24.7-54.7 8.3 15.1 18.9 27.2 30.1 35.5-20.8 4.3-38.9 13.1-54.8 19.2zm131.6-5s-5 6-37.3-7.8c35.1-2.6 40.9 5.4 37.3 7.8z\"><\/path><\/svg>\t\t\t<\/span>\n\t\t\t\t\t\t\t\t\t<span class=\"elementor-button-text\">Download report<\/span>\n\t\t\t\t\t<\/span>\n\t\t\t\t\t<\/a>\n\t\t\t\t<\/div>\n\t\t\t\t\t\t\t\t<\/div>\n\t\t\t\t<\/div>\n\t\t\t\t\t<\/div>\n\t\t\t\t<\/div>\n\t\t<div class=\"elementor-element elementor-element-9c83ea5 e-con-full e-flex wpr-particle-no wpr-jarallax-no wpr-parallax-no wpr-sticky-section-no wpr-equal-height-no e-con e-parent\" data-id=\"9c83ea5\" data-element_type=\"container\" data-e-type=\"container\" data-settings=\"{&quot;background_background&quot;:&quot;classic&quot;}\">\n\t\t\t\t<div class=\"elementor-element elementor-element-b3dd5f8 elementor-widget elementor-widget-heading\" data-id=\"b3dd5f8\" data-element_type=\"widget\" data-e-type=\"widget\" data-widget_type=\"heading.default\">\n\t\t\t\t<div class=\"elementor-widget-container\">\n\t\t\t\t\t<h2 class=\"elementor-heading-title elementor-size-default\">OUR PARTNERS<\/h2>\t\t\t\t<\/div>\n\t\t\t\t<\/div>\n\t\t\t\t<\/div>\n\t\t<div class=\"elementor-element elementor-element-02819e2 e-flex e-con-boxed wpr-particle-no wpr-jarallax-no wpr-parallax-no wpr-sticky-section-no wpr-equal-height-no e-con e-parent\" data-id=\"02819e2\" data-element_type=\"container\" data-e-type=\"container\">\n\t\t\t\t\t<div class=\"e-con-inner\">\n\t\t\t\t<div class=\"elementor-element elementor-element-70daf3a elementor-widget elementor-widget-image\" data-id=\"70daf3a\" data-element_type=\"widget\" data-e-type=\"widget\" data-widget_type=\"image.default\">\n\t\t\t\t<div class=\"elementor-widget-container\">\n\t\t\t\t\t\t\t\t\t\t\t\t\t\t\t<img loading=\"lazy\" decoding=\"async\" width=\"838\" height=\"860\" src=\"https:\/\/turtlerescuecahuita.org\/wp-content\/uploads\/2026\/03\/logos-trc.jpg\" class=\"attachment-large size-large wp-image-1945\" alt=\"\" srcset=\"https:\/\/turtlerescuecahuita.org\/wp-content\/uploads\/2026\/03\/logos-trc.jpg 838w, https:\/\/turtlerescuecahuita.org\/wp-content\/uploads\/2026\/03\/logos-trc-292x300.jpg 292w, https:\/\/turtlerescuecahuita.org\/wp-content\/uploads\/2026\/03\/logos-trc-768x788.jpg 768w, https:\/\/turtlerescuecahuita.org\/wp-content\/uploads\/2026\/03\/logos-trc-12x12.jpg 12w\" sizes=\"(max-width: 838px) 100vw, 838px\" \/>\t\t\t\t\t\t\t\t\t\t\t\t\t\t\t<\/div>\n\t\t\t\t<\/div>\n\t\t\t\t\t<\/div>\n\t\t\t\t<\/div>\n\t\t\t\t<\/div>","protected":false},"excerpt":{"rendered":"<p>Sobre Nosotros Nuestra Misi\u00f3n Ser una comunidad que protege la fauna silvestre nativa de la zona, asegurando as\u00ed la supervivencia de las tortugas marinas y la protecci\u00f3n de los recursos naturales, reconoci\u00e9ndonos como parte del ecosistema y garantes de su equilibrio. Promover la protecci\u00f3n y vigilancia de las tortugas marinas y otras formas de vida silvestre en la zona a trav\u00e9s de la educaci\u00f3n y la participaci\u00f3n activa de la comunidad Nuestros Objetivos Trabajar con proyectos de conservaci\u00f3n comunitaria, reforestaci\u00f3n, limpieza de playas y reciclaje. Con un enfoque especial en la educaci\u00f3n ambiental. Utilizar m\u00e9todos de conservaci\u00f3n probados que ya est\u00e1n en acci\u00f3n en otras \u00e1reas de Costa Rica, tales como: \u2022 Conservaci\u00f3n\u00a0 \u2022 Investigaci\u00f3n. \u2022 Ecoturismo. Proteger y liberar las tortugas marinas de regreso al mar. Solicitar ayuda gubernamental para proteger las tortugas en Playa Grande, Cahuita, y tener acceso a programas de financiamiento para su cumplimiento. Apoyo financiero a trav\u00e9s de auto-generaci\u00f3n de ingresos, donaciones y patrocinios. Concientizar a las comunidades locales. La educaci\u00f3n es fundamental para este programa. Temporada 2024 Descargar temporada NUESTRAS ALIANZAS<\/p>","protected":false},"author":1,"featured_media":0,"parent":0,"menu_order":0,"comment_status":"closed","ping_status":"closed","template":"elementor_canvas","meta":{"footnotes":""},"class_list":["post-430","page","type-page","status-publish","hentry"],"_links":{"self":[{"href":"https:\/\/turtlerescuecahuita.org\/en\/wp-json\/wp\/v2\/pages\/430","targetHints":{"allow":["GET"]}}],"collection":[{"href":"https:\/\/turtlerescuecahuita.org\/en\/wp-json\/wp\/v2\/pages"}],"about":[{"href":"https:\/\/turtlerescuecahuita.org\/en\/wp-json\/wp\/v2\/types\/page"}],"author":[{"embeddable":true,"href":"https:\/\/turtlerescuecahuita.org\/en\/wp-json\/wp\/v2\/users\/1"}],"replies":[{"embeddable":true,"href":"https:\/\/turtlerescuecahuita.org\/en\/wp-json\/wp\/v2\/comments?post=430"}],"version-history":[{"count":23,"href":"https:\/\/turtlerescuecahuita.org\/en\/wp-json\/wp\/v2\/pages\/430\/revisions"}],"predecessor-version":[{"id":1951,"href":"https:\/\/turtlerescuecahuita.org\/en\/wp-json\/wp\/v2\/pages\/430\/revisions\/1951"}],"wp:attachment":[{"href":"https:\/\/turtlerescuecahuita.org\/en\/wp-json\/wp\/v2\/media?parent=430"}],"curies":[{"name":"wp","href":"https:\/\/api.w.org\/{rel}","templated":true}]}}