{"id":733,"date":"2025-09-27T22:45:45","date_gmt":"2025-09-27T22:45:45","guid":{"rendered":"https:\/\/turtlerescuecahuita.org\/?page_id=733"},"modified":"2025-09-27T22:46:34","modified_gmt":"2025-09-27T22:46:34","slug":"samuel-ernesto-pauleck-brombacher","status":"publish","type":"page","link":"https:\/\/turtlerescuecahuita.org\/en\/samuel-ernesto-pauleck-brombacher\/","title":{"rendered":"Samuel Ernesto Pauleck Brombacher"},"content":{"rendered":"<div data-elementor-type=\"wp-page\" data-elementor-id=\"733\" class=\"elementor elementor-733\" data-elementor-post-type=\"page\">\n\t\t\t\t<div class=\"elementor-element elementor-element-1b32b76 e-flex e-con-boxed wpr-particle-no wpr-jarallax-no wpr-parallax-no wpr-sticky-section-no wpr-equal-height-no e-con e-parent\" data-id=\"1b32b76\" data-element_type=\"container\" data-e-type=\"container\" data-settings=\"{&quot;background_background&quot;:&quot;classic&quot;}\">\n\t\t\t\t\t<div class=\"e-con-inner\">\n\t\t\t\t<div class=\"elementor-element elementor-element-0463519 elementor-widget elementor-widget-spacer\" data-id=\"0463519\" data-element_type=\"widget\" data-e-type=\"widget\" data-widget_type=\"spacer.default\">\n\t\t\t\t<div class=\"elementor-widget-container\">\n\t\t\t\t\t\t\t<div class=\"elementor-spacer\">\n\t\t\t<div class=\"elementor-spacer-inner\"><\/div>\n\t\t<\/div>\n\t\t\t\t\t\t<\/div>\n\t\t\t\t<\/div>\n\t\t\t\t\t<\/div>\n\t\t\t\t<\/div>\n\t\t<div class=\"elementor-element elementor-element-ae6ed2e e-flex e-con-boxed wpr-particle-no wpr-jarallax-no wpr-parallax-no wpr-sticky-section-no wpr-equal-height-no e-con e-parent\" data-id=\"ae6ed2e\" data-element_type=\"container\" data-e-type=\"container\" data-settings=\"{&quot;background_background&quot;:&quot;classic&quot;}\">\n\t\t\t\t\t<div class=\"e-con-inner\">\n\t\t<div class=\"elementor-element elementor-element-7378aff e-con-full e-flex wpr-particle-no wpr-jarallax-no wpr-parallax-no wpr-sticky-section-no wpr-equal-height-no e-con e-child\" data-id=\"7378aff\" data-element_type=\"container\" data-e-type=\"container\">\n\t\t\t\t<div class=\"elementor-element elementor-element-113ba39 elementor-widget elementor-widget-heading\" data-id=\"113ba39\" data-element_type=\"widget\" data-e-type=\"widget\" data-widget_type=\"heading.default\">\n\t\t\t\t<div class=\"elementor-widget-container\">\n\t\t\t\t\t<h2 class=\"elementor-heading-title elementor-size-default\">TEAM<\/h2>\t\t\t\t<\/div>\n\t\t\t\t<\/div>\n\t\t\t\t<\/div>\n\t\t<div class=\"elementor-element elementor-element-e25097a e-con-full e-flex wpr-particle-no wpr-jarallax-no wpr-parallax-no wpr-sticky-section-no wpr-equal-height-no e-con e-child\" data-id=\"e25097a\" data-element_type=\"container\" data-e-type=\"container\">\n\t\t\t\t<div class=\"elementor-element elementor-element-6d794f6 elementor-view-stacked elementor-shape-square elementor-widget elementor-widget-icon\" data-id=\"6d794f6\" data-element_type=\"widget\" data-e-type=\"widget\" data-widget_type=\"icon.default\">\n\t\t\t\t<div class=\"elementor-widget-container\">\n\t\t\t\t\t\t\t<div class=\"elementor-icon-wrapper\">\n\t\t\t<a class=\"elementor-icon\" href=\"https:\/\/turtlerescuecahuita.org\/en\/about\/\">\n\t\t\t<svg aria-hidden=\"true\" class=\"e-font-icon-svg e-fas-arrow-left\" viewbox=\"0 0 448 512\" xmlns=\"http:\/\/www.w3.org\/2000\/svg\"><path d=\"M257.5 445.1l-22.2 22.2c-9.4 9.4-24.6 9.4-33.9 0L7 273c-9.4-9.4-9.4-24.6 0-33.9L201.4 44.7c9.4-9.4 24.6-9.4 33.9 0l22.2 22.2c9.5 9.5 9.3 25-.4 34.3L136.6 216H424c13.3 0 24 10.7 24 24v32c0 13.3-10.7 24-24 24H136.6l120.5 114.8c9.8 9.3 10 24.8.4 34.3z\"><\/path><\/svg>\t\t\t<\/a>\n\t\t<\/div>\n\t\t\t\t\t\t<\/div>\n\t\t\t\t<\/div>\n\t\t\t\t<\/div>\n\t\t\t\t\t<\/div>\n\t\t\t\t<\/div>\n\t\t<div class=\"elementor-element elementor-element-4339ace e-flex e-con-boxed wpr-particle-no wpr-jarallax-no wpr-parallax-no wpr-sticky-section-no wpr-equal-height-no e-con e-parent\" data-id=\"4339ace\" data-element_type=\"container\" data-e-type=\"container\">\n\t\t\t\t\t<div class=\"e-con-inner\">\n\t\t<div class=\"elementor-element elementor-element-6e898bb e-con-full e-flex wpr-particle-no wpr-jarallax-no wpr-parallax-no wpr-sticky-section-no wpr-equal-height-no e-con e-child\" data-id=\"6e898bb\" data-element_type=\"container\" data-e-type=\"container\">\n\t\t\t\t<div class=\"elementor-element elementor-element-66cca26 elementor-widget elementor-widget-heading\" data-id=\"66cca26\" data-element_type=\"widget\" data-e-type=\"widget\" data-widget_type=\"heading.default\">\n\t\t\t\t<div class=\"elementor-widget-container\">\n\t\t\t\t\t<h2 class=\"elementor-heading-title elementor-size-default\">Samuel Ernesto Pauleck Brombacher<\/h2>\t\t\t\t<\/div>\n\t\t\t\t<\/div>\n\t\t\t\t<div class=\"elementor-element elementor-element-bae19f9 elementor-widget elementor-widget-heading\" data-id=\"bae19f9\" data-element_type=\"widget\" data-e-type=\"widget\" data-widget_type=\"heading.default\">\n\t\t\t\t<div class=\"elementor-widget-container\">\n\t\t\t\t\t<h2 class=\"elementor-heading-title elementor-size-default\">Vice President<\/h2>\t\t\t\t<\/div>\n\t\t\t\t<\/div>\n\t\t\t\t<div class=\"elementor-element elementor-element-00547f3 elementor-widget elementor-widget-text-editor\" data-id=\"00547f3\" data-element_type=\"widget\" data-e-type=\"widget\" data-widget_type=\"text-editor.default\">\n\t\t\t\t<div class=\"elementor-widget-container\">\n\t\t\t\t\t\t\t\t\t<ul><li class=\"cvGsUA direction-ltr align-start para-style-body\">Samuel is an environmentalist and community leader from Cahuita with more than three years of experience in sea turtle monitoring.<\/li><li class=\"cvGsUA direction-ltr align-start para-style-body\">He is currently the vice president of Turtle Rescue Cahuita, where he combines his passion for conservation with his training in Natural Resource Management at UNED.<\/li><li class=\"cvGsUA direction-ltr align-start para-style-body\">He is also the manager of Cabinas Algebra and Restaurante Bananas, a member of the Cahuita Development Association, and a member of the local Chamber of Commerce. In addition, he is a supporting member of the Cahuita Elementary School and Complementary High School.<\/li><\/ul>\t\t\t\t\t\t\t\t<\/div>\n\t\t\t\t<\/div>\n\t\t\t\t<\/div>\n\t\t<div class=\"elementor-element elementor-element-2e82373 e-con-full e-flex wpr-particle-no wpr-jarallax-no wpr-parallax-no wpr-sticky-section-no wpr-equal-height-no e-con e-child\" data-id=\"2e82373\" data-element_type=\"container\" data-e-type=\"container\">\n\t\t\t\t<div class=\"elementor-element elementor-element-eb5b542 elementor-widget elementor-widget-image\" data-id=\"eb5b542\" data-element_type=\"widget\" data-e-type=\"widget\" data-widget_type=\"image.default\">\n\t\t\t\t<div class=\"elementor-widget-container\">\n\t\t\t\t\t\t\t\t\t\t\t\t\t\t\t<img fetchpriority=\"high\" decoding=\"async\" width=\"960\" height=\"960\" src=\"https:\/\/turtlerescuecahuita.org\/wp-content\/uploads\/2025\/09\/180925_TurtleRescueCahuita_Staff_15-modified-1024x1024.png\" class=\"attachment-large size-large wp-image-730\" alt=\"\" srcset=\"https:\/\/turtlerescuecahuita.org\/wp-content\/uploads\/2025\/09\/180925_TurtleRescueCahuita_Staff_15-modified-1024x1024.png 1024w, https:\/\/turtlerescuecahuita.org\/wp-content\/uploads\/2025\/09\/180925_TurtleRescueCahuita_Staff_15-modified-300x300.png 300w, https:\/\/turtlerescuecahuita.org\/wp-content\/uploads\/2025\/09\/180925_TurtleRescueCahuita_Staff_15-modified-150x150.png 150w, https:\/\/turtlerescuecahuita.org\/wp-content\/uploads\/2025\/09\/180925_TurtleRescueCahuita_Staff_15-modified-768x768.png 768w, https:\/\/turtlerescuecahuita.org\/wp-content\/uploads\/2025\/09\/180925_TurtleRescueCahuita_Staff_15-modified-1536x1536.png 1536w, https:\/\/turtlerescuecahuita.org\/wp-content\/uploads\/2025\/09\/180925_TurtleRescueCahuita_Staff_15-modified-2048x2048.png 2048w\" sizes=\"(max-width: 960px) 100vw, 960px\" \/>\t\t\t\t\t\t\t\t\t\t\t\t\t\t\t<\/div>\n\t\t\t\t<\/div>\n\t\t\t\t<\/div>\n\t\t\t\t\t<\/div>\n\t\t\t\t<\/div>\n\t\t<div class=\"elementor-element elementor-element-e1b973a e-con-full e-flex wpr-particle-no wpr-jarallax-no wpr-parallax-no wpr-sticky-section-no wpr-equal-height-no e-con e-parent\" data-id=\"e1b973a\" data-element_type=\"container\" data-e-type=\"container\" data-settings=\"{&quot;background_background&quot;:&quot;classic&quot;}\">\n\t\t\t\t<div class=\"elementor-element elementor-element-2fc590d elementor-widget elementor-widget-heading\" data-id=\"2fc590d\" data-element_type=\"widget\" data-e-type=\"widget\" data-widget_type=\"heading.default\">\n\t\t\t\t<div class=\"elementor-widget-container\">\n\t\t\t\t\t<h2 class=\"elementor-heading-title elementor-size-default\">OUR PARTNERS<\/h2>\t\t\t\t<\/div>\n\t\t\t\t<\/div>\n\t\t\t\t<\/div>\n\t\t<div class=\"elementor-element elementor-element-4716c72 e-flex e-con-boxed wpr-particle-no wpr-jarallax-no wpr-parallax-no wpr-sticky-section-no wpr-equal-height-no e-con e-parent\" data-id=\"4716c72\" data-element_type=\"container\" data-e-type=\"container\">\n\t\t\t\t\t<div class=\"e-con-inner\">\n\t\t\t\t<div class=\"elementor-element elementor-element-97e8025 elementor-widget elementor-widget-image\" data-id=\"97e8025\" data-element_type=\"widget\" data-e-type=\"widget\" data-widget_type=\"image.default\">\n\t\t\t\t<div class=\"elementor-widget-container\">\n\t\t\t\t\t\t\t\t\t\t\t\t\t\t\t<img decoding=\"async\" width=\"960\" height=\"540\" src=\"https:\/\/turtlerescuecahuita.org\/wp-content\/uploads\/2025\/09\/WILLIAMS-Informe-Turtle-Rescue-Cahuita-2024-1024x576.png\" class=\"attachment-large size-large wp-image-585\" alt=\"\" srcset=\"https:\/\/turtlerescuecahuita.org\/wp-content\/uploads\/2025\/09\/WILLIAMS-Informe-Turtle-Rescue-Cahuita-2024-1024x576.png 1024w, https:\/\/turtlerescuecahuita.org\/wp-content\/uploads\/2025\/09\/WILLIAMS-Informe-Turtle-Rescue-Cahuita-2024-300x169.png 300w, https:\/\/turtlerescuecahuita.org\/wp-content\/uploads\/2025\/09\/WILLIAMS-Informe-Turtle-Rescue-Cahuita-2024-768x432.png 768w, https:\/\/turtlerescuecahuita.org\/wp-content\/uploads\/2025\/09\/WILLIAMS-Informe-Turtle-Rescue-Cahuita-2024-1536x864.png 1536w, https:\/\/turtlerescuecahuita.org\/wp-content\/uploads\/2025\/09\/WILLIAMS-Informe-Turtle-Rescue-Cahuita-2024.png 1920w\" sizes=\"(max-width: 960px) 100vw, 960px\" \/>\t\t\t\t\t\t\t\t\t\t\t\t\t\t\t<\/div>\n\t\t\t\t<\/div>\n\t\t\t\t\t<\/div>\n\t\t\t\t<\/div>\n\t\t\t\t<\/div>","protected":false},"excerpt":{"rendered":"<p>Equipo Samuel Ernesto Pauleck Brombacher Vicepresidente de la Asociaci\u00f3n Turtle Rescue Cahuita Samuel es un ambientalista y l\u00edder comunitario de Cahuita con m\u00e1s de tres a\u00f1os de experiencia en el monitoreo de tortugas marinas. Actualmente es vicepresidente de Turtle Rescue Cahuita, donde combina su pasi\u00f3n por la conservaci\u00f3n con su formaci\u00f3n en Manejo de Recursos Naturales en la UNED. Tambi\u00e9n es administrador de Cabinas Algebra y Restaurante Bananas, socio de la Asociaci\u00f3n de Desarrollo de Cahuita y miembro de la C\u00e1mara de Comercio local, adem\u00e1s es Socio de Escuela y Colegio Complementaria de Cahuita. NUESTRAS ALIANZAS<\/p>","protected":false},"author":1,"featured_media":0,"parent":0,"menu_order":0,"comment_status":"closed","ping_status":"closed","template":"elementor_canvas","meta":{"footnotes":""},"class_list":["post-733","page","type-page","status-publish","hentry"],"_links":{"self":[{"href":"https:\/\/turtlerescuecahuita.org\/en\/wp-json\/wp\/v2\/pages\/733","targetHints":{"allow":["GET"]}}],"collection":[{"href":"https:\/\/turtlerescuecahuita.org\/en\/wp-json\/wp\/v2\/pages"}],"about":[{"href":"https:\/\/turtlerescuecahuita.org\/en\/wp-json\/wp\/v2\/types\/page"}],"author":[{"embeddable":true,"href":"https:\/\/turtlerescuecahuita.org\/en\/wp-json\/wp\/v2\/users\/1"}],"replies":[{"embeddable":true,"href":"https:\/\/turtlerescuecahuita.org\/en\/wp-json\/wp\/v2\/comments?post=733"}],"version-history":[{"count":4,"href":"https:\/\/turtlerescuecahuita.org\/en\/wp-json\/wp\/v2\/pages\/733\/revisions"}],"predecessor-version":[{"id":737,"href":"https:\/\/turtlerescuecahuita.org\/en\/wp-json\/wp\/v2\/pages\/733\/revisions\/737"}],"wp:attachment":[{"href":"https:\/\/turtlerescuecahuita.org\/en\/wp-json\/wp\/v2\/media?parent=733"}],"curies":[{"name":"wp","href":"https:\/\/api.w.org\/{rel}","templated":true}]}}